{"id":721,"date":"2023-05-22T22:34:56","date_gmt":"2023-05-22T19:34:56","guid":{"rendered":"https:\/\/www.opasauto.com\/urun\/87454\/"},"modified":"2024-05-29T17:47:43","modified_gmt":"2024-05-29T14:47:43","slug":"87454","status":"publish","type":"product","link":"https:\/\/opasauto.com\/en\/product\/87454\/","title":{"rendered":"87454"},"content":{"rendered":"","protected":false},"excerpt":{"rendered":"<table class=\"table table-responsive table-striped table-bordered\" width=\"100%\" cellspacing=\"0\" cellpadding=\"0\">\n<tbody>\n<tr>\n<td>Mazda &#8211; M\u0131tsub\u0131sh\u0131<\/td>\n<td><\/td>\n<\/tr>\n<tr>\n<td>OE MITSUBISHI<\/td>\n<td>H3T022<\/td>\n<\/tr>\n<tr>\n<td>DIAMOND<\/td>\n<td>F &#8211; 696<\/td>\n<\/tr>\n<\/tbody>\n<\/table>","protected":false},"featured_media":2242,"template":"","meta":[],"product_brand":[],"product_cat":[22],"product_tag":[],"class_list":{"0":"post-721","1":"product","2":"type-product","3":"status-publish","4":"has-post-thumbnail","6":"product_cat-atesleme-bobinleri","8":"first","9":"instock","10":"shipping-taxable","11":"product-type-simple"},"_links":{"self":[{"href":"https:\/\/opasauto.com\/en\/wp-json\/wp\/v2\/product\/721","targetHints":{"allow":["GET"]}}],"collection":[{"href":"https:\/\/opasauto.com\/en\/wp-json\/wp\/v2\/product"}],"about":[{"href":"https:\/\/opasauto.com\/en\/wp-json\/wp\/v2\/types\/product"}],"wp:featuredmedia":[{"embeddable":true,"href":"https:\/\/opasauto.com\/en\/wp-json\/wp\/v2\/media\/2242"}],"wp:attachment":[{"href":"https:\/\/opasauto.com\/en\/wp-json\/wp\/v2\/media?parent=721"}],"wp:term":[{"taxonomy":"product_brand","embeddable":true,"href":"https:\/\/opasauto.com\/en\/wp-json\/wp\/v2\/product_brand?post=721"},{"taxonomy":"product_cat","embeddable":true,"href":"https:\/\/opasauto.com\/en\/wp-json\/wp\/v2\/product_cat?post=721"},{"taxonomy":"product_tag","embeddable":true,"href":"https:\/\/opasauto.com\/en\/wp-json\/wp\/v2\/product_tag?post=721"}],"curies":[{"name":"wp","href":"https:\/\/api.w.org\/{rel}","templated":true}]}}