{"id":717,"date":"2023-05-22T22:34:56","date_gmt":"2023-05-22T19:34:56","guid":{"rendered":"https:\/\/www.opasauto.com\/urun\/87450\/"},"modified":"2024-05-29T17:48:18","modified_gmt":"2024-05-29T14:48:18","slug":"87450","status":"publish","type":"product","link":"https:\/\/opasauto.com\/en\/product\/87450\/","title":{"rendered":"87450"},"content":{"rendered":"","protected":false},"excerpt":{"rendered":"<table class=\"table table-responsive table-striped table-bordered\" width=\"100%\" cellspacing=\"0\" cellpadding=\"0\">\n<tbody>\n<tr>\n<td>KIA Mentor<\/td>\n<td>1.6i<\/td>\n<td>96 &#8211; 97<\/td>\n<\/tr>\n<tr>\n<td>KIA Pride<\/td>\n<td>1.3i<\/td>\n<td>96 &#8211; 97<\/td>\n<\/tr>\n<tr>\n<td>KIA Sephia 1<\/td>\n<td>1.5i<\/td>\n<td>96 &#8211; 97<\/td>\n<\/tr>\n<tr>\n<td>KIA Seph\u0131a 1<\/td>\n<td>1.6i<\/td>\n<td>95 &#8211; 98<\/td>\n<\/tr>\n<tr>\n<td>M\u0131tsub\u0131sh\u0131 Diamante<\/td>\n<td>3.0i<\/td>\n<td>92-<\/td>\n<\/tr>\n<tr>\n<td>OE KIA<\/td>\n<td>KK1371810XC<\/td>\n<td><\/td>\n<\/tr>\n<\/tbody>\n<\/table>","protected":false},"featured_media":2238,"template":"","meta":[],"product_brand":[],"product_cat":[22],"product_tag":[],"class_list":{"0":"post-717","1":"product","2":"type-product","3":"status-publish","4":"has-post-thumbnail","6":"product_cat-atesleme-bobinleri","8":"first","9":"instock","10":"shipping-taxable","11":"product-type-simple"},"_links":{"self":[{"href":"https:\/\/opasauto.com\/en\/wp-json\/wp\/v2\/product\/717","targetHints":{"allow":["GET"]}}],"collection":[{"href":"https:\/\/opasauto.com\/en\/wp-json\/wp\/v2\/product"}],"about":[{"href":"https:\/\/opasauto.com\/en\/wp-json\/wp\/v2\/types\/product"}],"wp:featuredmedia":[{"embeddable":true,"href":"https:\/\/opasauto.com\/en\/wp-json\/wp\/v2\/media\/2238"}],"wp:attachment":[{"href":"https:\/\/opasauto.com\/en\/wp-json\/wp\/v2\/media?parent=717"}],"wp:term":[{"taxonomy":"product_brand","embeddable":true,"href":"https:\/\/opasauto.com\/en\/wp-json\/wp\/v2\/product_brand?post=717"},{"taxonomy":"product_cat","embeddable":true,"href":"https:\/\/opasauto.com\/en\/wp-json\/wp\/v2\/product_cat?post=717"},{"taxonomy":"product_tag","embeddable":true,"href":"https:\/\/opasauto.com\/en\/wp-json\/wp\/v2\/product_tag?post=717"}],"curies":[{"name":"wp","href":"https:\/\/api.w.org\/{rel}","templated":true}]}}