{"id":440,"date":"2023-05-22T22:34:26","date_gmt":"2023-05-22T19:34:26","guid":{"rendered":"https:\/\/www.opasauto.com\/urun\/31338\/"},"modified":"2023-06-07T06:55:05","modified_gmt":"2023-06-07T03:55:05","slug":"31338","status":"publish","type":"product","link":"https:\/\/opasauto.com\/en\/product\/31338\/","title":{"rendered":"31338 EKSANTR\u0130K Sens\u00f6r\u00fc"},"content":{"rendered":"<p> HYUNDAI ACCENT III (MC) 1.5 CRDi GLS 11.05 &#8211; 11.10<br \/>HYUNDAI ACCENT III Sedan (MC) 1.5 CRDi GLS 11.05 &#8211; 11.10<br \/>HYUNDAI ACCENT IV Sedan (RB) 1.6 CRDi 11.10 &#8211; 12.15<br \/>HYUNDAI ACCENT IV Sedan (RB) 1.6 CRDI 04.11 &#8211;<br \/>HYUNDAI ELANTRA Sedan (MD, UD) 1.6 CRDi 02.11 &#8211; 12.15<br \/>HYUNDAI ELANTRA Sedan (MD, UD) 1.6 CRDi 10.15 &#8211;<br \/>HYUNDAI GETZ (TB) 1.5 CRDi 08.05 &#8211; 06.09<br \/>HYUNDAI GETZ (TB) 1.5 CRDi GLS 07.04 &#8211; 08.05<br \/>HYUNDAI GETZ (TB) 1.5 CRDi GLS 08.05 &#8211; 06.09<br \/>HYUNDAI i10 (PA) 1.1 CRDi 01.08 &#8211; 12.11<br \/>HYUNDAI i20 (PB, PBT) 1.1 CRDi 03.12 &#8211; 12.15<br \/>HYUNDAI i20 (PB, PBT) 1.4 CRDi 09.08 &#8211; 12.12<br \/>HYUNDAI i20 (PB, PBT) 1.4 CRDi 08.08 &#8211; 12.15<br \/>HYUNDAI i20 (PB, PBT) 1.6 CRDi 09.08 &#8211; 12.12<br \/>HYUNDAI i20 (PB, PBT) 1.6 CRDi 01.09 &#8211; 12.12<br \/>HYUNDAI i20 (GB, IB) 1.1 CRDi 11.14 &#8211;<br \/>HYUNDAI i20 (GB, IB) 1.4 CRDi 11.14 &#8211;<br \/>HYUNDAI i20 Coupe (GB) 1.1 CRDi 05.15 &#8211;<br \/>HYUNDAI i20 Coupe (GB) 1.4 CRDi 05.15 &#8211;<br \/>HYUNDAI i20 ACTIVE (IB, GB) 1.4 CRDI 09.15 &#8211;<br \/>HYUNDAI ix20 (JC) 1.4 CRDi 06.11 &#8211;<br \/>HYUNDAI ix20 (JC) 1.4 CRDi 11.10 &#8211;<br \/>HYUNDAI ix20 (JC) 1.6 CRDI 06.11 &#8211;<br \/>HYUNDAI ix20 (JC) 1.6 CRDI 06.11 &#8211;<br \/>HYUNDAI i30 (FD) 1.6 CRDi 10.07 &#8211; 11.11<br \/>HYUNDAI i30 (FD) 1.6 CRDi 10.07 &#8211; 11.11<br \/>HYUNDAI i30 Station Wagon (FD) 1.6 CRDi 02.08 &#8211; 06.12<br \/>HYUNDAI i30 Station Wagon (FD) 1.6 CRDi 02.08 &#8211; 06.12<br \/>HYUNDAI i30 (GD) 1.4 CRDi 12.11 &#8211; 12.16<br \/>HYUNDAI i30 (GD) 1.6 CRDi 12.11 &#8211; 12.16<br \/>HYUNDAI i30 (GD) 1.6 CRDi 12.11 &#8211; 12.15<br \/>HYUNDAI i30 (GD) 1.6 CRDi 11.11 &#8211; 12.16<br \/>HYUNDAI i30 Station Wagon (GD) 1.4 CRDi 06.12 &#8211;<br \/>HYUNDAI i30 Station Wagon (GD) 1.6 CRDi 06.12 &#8211;<br \/>HYUNDAI i30 Station Wagon (GD) 1.6 CRDi 06.12 &#8211; 12.15<br \/>HYUNDAI i30 Station Wagon (GD) 1.6 CRDi 01.15 &#8211;<br \/>HYUNDAI i30 (PDE, PD) 1.6 CDI 11.16 &#8211;<br \/>HYUNDAI i30 (PDE, PD) 1.6 CDI 11.16 &#8211;<br \/>HYUNDAI i30 (PDE, PD) 1.6 CDi 11.16 &#8211;<br \/>HYUNDAI i30 Station Wagon (PDE) 1.6 CRDi 03.17 &#8211;<br \/>HYUNDAI i30 Station Wagon (PDE) 1.6 CRDi 03.17 &#8211;<br \/>HYUNDAI i30 Coupe 1.4 CRDi 05.13 &#8211;<br \/>HYUNDAI i30 Coupe 1.6 CRDi 11.15 &#8211;<br \/>HYUNDAI i30 Coupe 1.6 CRDi 05.13 &#8211;<br \/>HYUNDAI i30 Coupe 1.6 CRDi 12.14 &#8211;<br \/>HYUNDAI ix35 (LM, EL, ELH) 1.7 CRDi 11.10 &#8211;<br \/>HYUNDAI i40 (VF) 1.7 CRDi 03.12 &#8211;<br \/>HYUNDAI i40 (VF) 1.7 CRDI 01.15 &#8211;<br \/>HYUNDAI i40 CW (VF) 1.7 CRDi 07.11 &#8211;<br \/>HYUNDAI MATRIX (FC) 1.5 CRDi 10.01 &#8211; 08.10<br \/>HYUNDAI MATRIX (FC) 1.5 CRDi VGT 08.05 &#8211; 08.10<br \/>HYUNDAI TUCSON (TL) 1.7 CRDi 06.15 \u2013<br \/>HYUNDAI: 39300-2A000<\/p>","protected":false},"excerpt":{"rendered":"<p>HYUNDAI ACCENT III (MC) 1.5 CRDi GLS 11.05 &#8211; 11.10HYUNDAI ACCENT III Sedan (MC) 1.5 CRDi GLS 11.05 &#8211; 11.10HYUNDAI ACCENT IV Sedan (RB) 1.6 CRDi 11.10 &#8211; 12.15HYUNDAI ACCENT&hellip;<\/p>","protected":false},"featured_media":1373,"template":"","meta":[],"product_brand":[],"product_cat":[40],"product_tag":[],"class_list":{"0":"post-440","1":"product","2":"type-product","3":"status-publish","4":"has-post-thumbnail","6":"product_cat-eksantrik-sensorleri","8":"first","9":"instock","10":"shipping-taxable","11":"product-type-simple"},"_links":{"self":[{"href":"https:\/\/opasauto.com\/en\/wp-json\/wp\/v2\/product\/440","targetHints":{"allow":["GET"]}}],"collection":[{"href":"https:\/\/opasauto.com\/en\/wp-json\/wp\/v2\/product"}],"about":[{"href":"https:\/\/opasauto.com\/en\/wp-json\/wp\/v2\/types\/product"}],"wp:featuredmedia":[{"embeddable":true,"href":"https:\/\/opasauto.com\/en\/wp-json\/wp\/v2\/media\/1373"}],"wp:attachment":[{"href":"https:\/\/opasauto.com\/en\/wp-json\/wp\/v2\/media?parent=440"}],"wp:term":[{"taxonomy":"product_brand","embeddable":true,"href":"https:\/\/opasauto.com\/en\/wp-json\/wp\/v2\/product_brand?post=440"},{"taxonomy":"product_cat","embeddable":true,"href":"https:\/\/opasauto.com\/en\/wp-json\/wp\/v2\/product_cat?post=440"},{"taxonomy":"product_tag","embeddable":true,"href":"https:\/\/opasauto.com\/en\/wp-json\/wp\/v2\/product_tag?post=440"}],"curies":[{"name":"wp","href":"https:\/\/api.w.org\/{rel}","templated":true}]}}