{"id":1316,"date":"2023-05-22T22:40:03","date_gmt":"2023-05-22T19:40:03","guid":{"rendered":"https:\/\/www.opasauto.com\/urun\/36141-balata-ikaz-sensoru\/"},"modified":"2023-05-23T13:35:27","modified_gmt":"2023-05-23T10:35:27","slug":"36141-balata-ikaz-sensoru","status":"publish","type":"product","link":"https:\/\/opasauto.com\/en\/product\/36141-balata-ikaz-sensoru\/","title":{"rendered":"36141 Balata \u0130kaz Sens\u00f6r\u00fc"},"content":{"rendered":"","protected":false},"excerpt":{"rendered":"<table border=\"0\" cellspacing=\"0\" cellpadding=\"0\">\n<tbody>\n<tr>\n<td>VW CRAFTER 30-35<\/td>\n<td>2011 &#8211; 2016<\/td>\n<\/tr>\n<tr>\n<td>OE NO :<\/td>\n<td>68019556AA<\/td>\n<\/tr>\n<\/tbody>\n<\/table>","protected":false},"featured_media":1396,"template":"","meta":[],"product_brand":[],"product_cat":[41],"product_tag":[],"class_list":{"0":"post-1316","1":"product","2":"type-product","3":"status-publish","4":"has-post-thumbnail","6":"product_cat-fren-ikaz-sensorleri","8":"first","9":"instock","10":"shipping-taxable","11":"product-type-simple"},"_links":{"self":[{"href":"https:\/\/opasauto.com\/en\/wp-json\/wp\/v2\/product\/1316","targetHints":{"allow":["GET"]}}],"collection":[{"href":"https:\/\/opasauto.com\/en\/wp-json\/wp\/v2\/product"}],"about":[{"href":"https:\/\/opasauto.com\/en\/wp-json\/wp\/v2\/types\/product"}],"wp:featuredmedia":[{"embeddable":true,"href":"https:\/\/opasauto.com\/en\/wp-json\/wp\/v2\/media\/1396"}],"wp:attachment":[{"href":"https:\/\/opasauto.com\/en\/wp-json\/wp\/v2\/media?parent=1316"}],"wp:term":[{"taxonomy":"product_brand","embeddable":true,"href":"https:\/\/opasauto.com\/en\/wp-json\/wp\/v2\/product_brand?post=1316"},{"taxonomy":"product_cat","embeddable":true,"href":"https:\/\/opasauto.com\/en\/wp-json\/wp\/v2\/product_cat?post=1316"},{"taxonomy":"product_tag","embeddable":true,"href":"https:\/\/opasauto.com\/en\/wp-json\/wp\/v2\/product_tag?post=1316"}],"curies":[{"name":"wp","href":"https:\/\/api.w.org\/{rel}","templated":true}]}}