{"id":1315,"date":"2023-05-22T22:40:03","date_gmt":"2023-05-22T19:40:03","guid":{"rendered":"https:\/\/www.opasauto.com\/urun\/36141-ikaz-sensoru\/"},"modified":"2023-05-23T13:28:44","modified_gmt":"2023-05-23T10:28:44","slug":"36141-ikaz-sensoru","status":"publish","type":"product","link":"https:\/\/opasauto.com\/en\/product\/36141-ikaz-sensoru\/","title":{"rendered":"36141 \u0130kaz Sens\u00f6r\u00fc"},"content":{"rendered":"","protected":false},"excerpt":{"rendered":"","protected":false},"featured_media":1397,"template":"","meta":[],"product_brand":[],"product_cat":[15,41],"product_tag":[],"class_list":{"0":"post-1315","1":"product","2":"type-product","3":"status-publish","4":"has-post-thumbnail","6":"product_cat-sensorler","7":"product_cat-fren-ikaz-sensorleri","9":"first","10":"instock","11":"shipping-taxable","12":"product-type-simple"},"_links":{"self":[{"href":"https:\/\/opasauto.com\/en\/wp-json\/wp\/v2\/product\/1315","targetHints":{"allow":["GET"]}}],"collection":[{"href":"https:\/\/opasauto.com\/en\/wp-json\/wp\/v2\/product"}],"about":[{"href":"https:\/\/opasauto.com\/en\/wp-json\/wp\/v2\/types\/product"}],"wp:featuredmedia":[{"embeddable":true,"href":"https:\/\/opasauto.com\/en\/wp-json\/wp\/v2\/media\/1397"}],"wp:attachment":[{"href":"https:\/\/opasauto.com\/en\/wp-json\/wp\/v2\/media?parent=1315"}],"wp:term":[{"taxonomy":"product_brand","embeddable":true,"href":"https:\/\/opasauto.com\/en\/wp-json\/wp\/v2\/product_brand?post=1315"},{"taxonomy":"product_cat","embeddable":true,"href":"https:\/\/opasauto.com\/en\/wp-json\/wp\/v2\/product_cat?post=1315"},{"taxonomy":"product_tag","embeddable":true,"href":"https:\/\/opasauto.com\/en\/wp-json\/wp\/v2\/product_tag?post=1315"}],"curies":[{"name":"wp","href":"https:\/\/api.w.org\/{rel}","templated":true}]}}