{"id":3463,"date":"2023-11-17T20:12:36","date_gmt":"2023-11-17T17:12:36","guid":{"rendered":"https:\/\/opasauto.com\/?page_id=3463"},"modified":"2023-11-17T20:14:49","modified_gmt":"2023-11-17T17:14:49","slug":"calisan-adayi-acik-riza","status":"publish","type":"page","link":"https:\/\/opasauto.com\/en\/calisan-adayi-acik-riza\/","title":{"rendered":"\u00c7al\u0131\u015fan Aday\u0131 A\u00e7\u0131k R\u0131za"},"content":{"rendered":"<div data-elementor-type=\"wp-page\" data-elementor-id=\"3463\" class=\"elementor elementor-3463\">\n\t\t\t\t\t\t<section class=\"elementor-section elementor-top-section elementor-element elementor-element-b35b84a elementor-section-stretched elementor-section-full_width elementor-section-height-default elementor-section-height-default sc_fly_static\" data-id=\"b35b84a\" data-element_type=\"section\" data-settings=\"{&quot;stretch_section&quot;:&quot;section-stretched&quot;,&quot;background_background&quot;:&quot;classic&quot;}\">\n\t\t\t\t\t\t<div class=\"elementor-container elementor-column-gap-no\">\n\t\t\t\t\t<div class=\"elementor-column elementor-col-100 elementor-top-column elementor-element elementor-element-d92b45a sc_content_align_inherit sc_layouts_column_icons_position_left sc_fly_static\" data-id=\"d92b45a\" data-element_type=\"column\">\n\t\t\t<div class=\"elementor-widget-wrap\">\n\t\t\t\t\t\t\t<\/div>\n\t\t<\/div>\n\t\t\t\t\t<\/div>\n\t\t<\/section>\n\t\t\t\t<section class=\"elementor-section elementor-top-section elementor-element elementor-element-21007b6 elementor-section-stretched scheme_light elementor-section-boxed elementor-section-height-default elementor-section-height-default sc_fly_static\" data-id=\"21007b6\" data-element_type=\"section\" data-settings=\"{&quot;stretch_section&quot;:&quot;section-stretched&quot;,&quot;background_background&quot;:&quot;classic&quot;}\">\n\t\t\t\t\t\t\t<div class=\"elementor-background-overlay\"><\/div>\n\t\t\t\t\t\t\t<div class=\"elementor-container elementor-column-gap-extended\">\n\t\t\t\t\t<div class=\"elementor-column elementor-col-100 elementor-top-column elementor-element elementor-element-cfe325e sc_content_align_inherit sc_layouts_column_icons_position_left sc_fly_static\" data-id=\"cfe325e\" data-element_type=\"column\">\n\t\t\t<div class=\"elementor-widget-wrap elementor-element-populated\">\n\t\t\t\t\t\t<div class=\"elementor-element elementor-element-5a2bf65 sc_height_large sc_fly_static elementor-widget elementor-widget-spacer\" data-id=\"5a2bf65\" data-element_type=\"widget\" data-widget_type=\"spacer.default\">\n\t\t\t\t<div class=\"elementor-widget-container\">\n\t\t\t\t\t\t\t<div class=\"elementor-spacer\">\n\t\t\t<div class=\"elementor-spacer-inner\"><\/div>\n\t\t<\/div>\n\t\t\t\t\t\t<\/div>\n\t\t\t\t<\/div>\n\t\t\t\t<div class=\"elementor-element elementor-element-53ac9d7 sc_fly_static elementor-widget elementor-widget-spacer\" data-id=\"53ac9d7\" data-element_type=\"widget\" data-widget_type=\"spacer.default\">\n\t\t\t\t<div class=\"elementor-widget-container\">\n\t\t\t\t\t\t\t<div class=\"elementor-spacer\">\n\t\t\t<div class=\"elementor-spacer-inner\"><\/div>\n\t\t<\/div>\n\t\t\t\t\t\t<\/div>\n\t\t\t\t<\/div>\n\t\t\t\t\t<\/div>\n\t\t<\/div>\n\t\t\t\t\t<\/div>\n\t\t<\/section>\n\t\t\t\t<section class=\"elementor-section elementor-top-section elementor-element elementor-element-45ce0ec elementor-section-boxed elementor-section-height-default elementor-section-height-default sc_fly_static\" data-id=\"45ce0ec\" data-element_type=\"section\">\n\t\t\t\t\t\t<div class=\"elementor-container elementor-column-gap-extended\">\n\t\t\t\t\t<div class=\"elementor-column elementor-col-100 elementor-top-column elementor-element elementor-element-72865bc sc_content_align_inherit sc_layouts_column_icons_position_left sc_fly_static\" data-id=\"72865bc\" data-element_type=\"column\">\n\t\t\t<div class=\"elementor-widget-wrap elementor-element-populated\">\n\t\t\t\t\t\t<div class=\"elementor-element elementor-element-bcdd273 sc_fly_static elementor-widget elementor-widget-heading\" data-id=\"bcdd273\" data-element_type=\"widget\" data-widget_type=\"heading.default\">\n\t\t\t\t<div class=\"elementor-widget-container\">\n\t\t\t\t\t<h2 class=\"elementor-heading-title elementor-size-default\">\u00c7al\u0131\u015fan Aday\u0131 A\u00e7\u0131k R\u0131za<\/h2>\t\t\t\t<\/div>\n\t\t\t\t<\/div>\n\t\t\t\t<div class=\"elementor-element elementor-element-fa507bc sc_fly_static elementor-widget elementor-widget-text-editor\" data-id=\"fa507bc\" data-element_type=\"widget\" data-widget_type=\"text-editor.default\">\n\t\t\t\t<div class=\"elementor-widget-container\">\n\t\t\t\t\t\t\t\t\t<p><strong><br \/><\/strong><strong>OPA\u015e OTOMOT\u0130V PLAT\u0130NLER\u0130 SANAY\u0130 VE T\u0130CARET ANON\u0130M \u015e\u0130RKET\u0130 <\/strong><\/p><p><strong>\u00c7al\u0131\u015fan Adaylar\u0131 i\u00e7in Ki\u015fisel Verilerin Korunmas\u0131 ve \u0130\u015flenmesi Hakk\u0131nda A\u00e7\u0131k R\u0131za Belgesi <\/strong><\/p><p>\u0130\u015fbu r\u0131za metin \u00e7al\u0131\u015fan aday\u0131n\u0131n OPA\u015e OTOMOT\u0130V PLAT\u0130NLER\u0130 SANAY\u0130 VE T\u0130CARET ANON\u0130M \u015e\u0130RKET\u0130\u2019ne yapm\u0131\u015f oldu\u011fu i\u015f ba\u015fvurusu sebebiyle payla\u015fm\u0131\u015f oldu\u011fun ki\u015fisel verilerinin, Ki\u015fisel Verilerin Korunmas\u0131 Kanunu ve ilgili di\u011fer mevzuat gere\u011fince a\u015fa\u011f\u0131daki hususlara ili\u015fkin A\u015eA\u011eIDA YAZILI OLDU\u011eU \u015eEK\u0130LDE a\u00e7\u0131k r\u0131zas\u0131n\u0131 beyan etmesi amac\u0131yla d\u00fczenlenmi\u015ftir. Bu kapsamda;<\/p><p>\u201cOPA\u015e OTOMOT\u0130V PLAT\u0130NLER\u0130 SANAY\u0130 VE T\u0130CARET ANON\u0130M \u015e\u0130RKET\u0130\u201d ile payla\u015ft\u0131\u011f\u0131m ki\u015fisel verilerimin, a\u00e7\u0131k pozisyona yapt\u0131\u011f\u0131m i\u015f ba\u015fvurusu s\u00fcre\u00e7lerinin y\u00fcr\u00fct\u00fclmesi amac\u0131yla i\u015flenmesine ve muhafaza edilmesine OPA\u015e OTOMOT\u0130V PLAT\u0130NLER\u0130 SANAY\u0130 VE T\u0130CARET ANON\u0130M \u015e\u0130RKET\u0130 taraf\u0131ndan taraf\u0131ma sunulmu\u015f olan ayd\u0131nlatma metni ile edindi\u011fim bilgiler \u0131\u015f\u0131\u011f\u0131nda r\u0131za g\u00f6sterdi\u011fimi beyan ediyorum.\u201d<\/p><table width=\"100%\"><tbody><tr><td>\u00a0<\/td><\/tr><\/tbody><\/table><p>\u00a0<\/p><p>OPA\u015e OTOMOT\u0130V PLAT\u0130NLER\u0130 SANAY\u0130 VE T\u0130CARET ANON\u0130M \u015e\u0130RKET\u0130\u2019\u2019 ile payla\u015ft\u0131\u011f\u0131m (sa\u011fl\u0131k veya biyometrik gibi) \u00f6zel nitelikli ki\u015fisel verilerimin, a\u00e7\u0131k pozisyona yapt\u0131\u011f\u0131m i\u015f ba\u015fvurusu s\u00fcre\u00e7lerinin y\u00fcr\u00fct\u00fclmesi amac\u0131yla i\u015flenmesine ve muhafaza edilmesine OPA\u015e OTOMOT\u0130V PLAT\u0130NLER\u0130 SANAY\u0130 VE T\u0130CARET ANON\u0130M \u015e\u0130RKET\u0130 taraf\u0131ndan taraf\u0131ma sunulmu\u015f olan ayd\u0131nlatma metni ile edindi\u011fim bilgiler \u0131\u015f\u0131\u011f\u0131nda r\u0131za g\u00f6sterdi\u011fimi beyan ediyorum.\u201d<\/p><table width=\"100%\"><tbody><tr><td>\u00a0<\/td><\/tr><\/tbody><\/table><p>\u201cMevcut a\u00e7\u0131k pozisyon i\u00e7in i\u015fe al\u0131m\u0131m\u0131n ger\u00e7ekle\u015ftirilememesi halinde gelecekte ortaya \u00e7\u0131kabilecek uygun bir pozisyon i\u00e7in de\u011ferlendirilmesi amac\u0131yla OPA\u015e OTOMOT\u0130V PLAT\u0130NLER\u0130 SANAY\u0130 VE T\u0130CARET ANON\u0130M \u015e\u0130RKET\u0130taraf\u0131ndan a\u015fa\u011f\u0131da yaz\u0131l\u0131 s\u00fcre kadar saklanmas\u0131na r\u0131za g\u00f6sterdi\u011fimi beyan ediyorum.\u201d<\/p><table style=\"height: 42px;\" width=\"280\"><tbody><tr><td>\u00a0<\/td><\/tr><\/tbody><\/table><p>Ki\u015fisel verilerimin saklanmas\u0131na r\u0131za g\u00f6sterdi\u011fim s\u00fcreye ili\u015fkin tercihim formda\u201c\u221a\u201d ile i\u015faretlidir.<\/p><p>\u00a0<\/p>\t\t\t\t\t\t\t\t<\/div>\n\t\t\t\t<\/div>\n\t\t\t\t\t<\/div>\n\t\t<\/div>\n\t\t\t\t\t<\/div>\n\t\t<\/section>\n\t\t\t\t<\/div>","protected":false},"excerpt":{"rendered":"<p>\u00c7al\u0131\u015fan Aday\u0131 A\u00e7\u0131k R\u0131za OPA\u015e OTOMOT\u0130V PLAT\u0130NLER\u0130 SANAY\u0130 VE T\u0130CARET ANON\u0130M \u015e\u0130RKET\u0130 \u00c7al\u0131\u015fan Adaylar\u0131 i\u00e7in Ki\u015fisel Verilerin Korunmas\u0131 ve \u0130\u015flenmesi Hakk\u0131nda A\u00e7\u0131k R\u0131za Belgesi \u0130\u015fbu r\u0131za metin \u00e7al\u0131\u015fan aday\u0131n\u0131n OPA\u015e&hellip;<\/p>","protected":false},"author":1,"featured_media":0,"parent":0,"menu_order":0,"comment_status":"closed","ping_status":"closed","template":"","meta":{"footnotes":""},"class_list":["post-3463","page","type-page","status-publish","hentry"],"_links":{"self":[{"href":"https:\/\/opasauto.com\/en\/wp-json\/wp\/v2\/pages\/3463","targetHints":{"allow":["GET"]}}],"collection":[{"href":"https:\/\/opasauto.com\/en\/wp-json\/wp\/v2\/pages"}],"about":[{"href":"https:\/\/opasauto.com\/en\/wp-json\/wp\/v2\/types\/page"}],"author":[{"embeddable":true,"href":"https:\/\/opasauto.com\/en\/wp-json\/wp\/v2\/users\/1"}],"replies":[{"embeddable":true,"href":"https:\/\/opasauto.com\/en\/wp-json\/wp\/v2\/comments?post=3463"}],"version-history":[{"count":7,"href":"https:\/\/opasauto.com\/en\/wp-json\/wp\/v2\/pages\/3463\/revisions"}],"predecessor-version":[{"id":3470,"href":"https:\/\/opasauto.com\/en\/wp-json\/wp\/v2\/pages\/3463\/revisions\/3470"}],"wp:attachment":[{"href":"https:\/\/opasauto.com\/en\/wp-json\/wp\/v2\/media?parent=3463"}],"curies":[{"name":"wp","href":"https:\/\/api.w.org\/{rel}","templated":true}]}}