{"id":3457,"date":"2023-11-17T20:07:59","date_gmt":"2023-11-17T17:07:59","guid":{"rendered":"https:\/\/opasauto.com\/?page_id=3457"},"modified":"2023-11-17T20:19:40","modified_gmt":"2023-11-17T17:19:40","slug":"calisan-adayi-aydinlatma-metni","status":"publish","type":"page","link":"https:\/\/opasauto.com\/en\/calisan-adayi-aydinlatma-metni\/","title":{"rendered":"\u00c7al\u0131\u015fan Aday\u0131 Ayd\u0131nlatma Metni"},"content":{"rendered":"<div data-elementor-type=\"wp-page\" data-elementor-id=\"3457\" class=\"elementor elementor-3457\">\n\t\t\t\t\t\t<section class=\"elementor-section elementor-top-section elementor-element elementor-element-b35b84a elementor-section-stretched elementor-section-full_width elementor-section-height-default elementor-section-height-default sc_fly_static\" data-id=\"b35b84a\" data-element_type=\"section\" data-settings=\"{&quot;stretch_section&quot;:&quot;section-stretched&quot;,&quot;background_background&quot;:&quot;classic&quot;}\">\n\t\t\t\t\t\t<div class=\"elementor-container elementor-column-gap-no\">\n\t\t\t\t\t<div class=\"elementor-column elementor-col-100 elementor-top-column elementor-element elementor-element-d92b45a sc_content_align_inherit sc_layouts_column_icons_position_left sc_fly_static\" data-id=\"d92b45a\" data-element_type=\"column\">\n\t\t\t<div class=\"elementor-widget-wrap\">\n\t\t\t\t\t\t\t<\/div>\n\t\t<\/div>\n\t\t\t\t\t<\/div>\n\t\t<\/section>\n\t\t\t\t<section class=\"elementor-section elementor-top-section elementor-element elementor-element-21007b6 elementor-section-stretched scheme_light elementor-section-boxed elementor-section-height-default elementor-section-height-default sc_fly_static\" data-id=\"21007b6\" data-element_type=\"section\" data-settings=\"{&quot;stretch_section&quot;:&quot;section-stretched&quot;,&quot;background_background&quot;:&quot;classic&quot;}\">\n\t\t\t\t\t\t\t<div class=\"elementor-background-overlay\"><\/div>\n\t\t\t\t\t\t\t<div class=\"elementor-container elementor-column-gap-extended\">\n\t\t\t\t\t<div class=\"elementor-column elementor-col-100 elementor-top-column elementor-element elementor-element-cfe325e sc_content_align_inherit sc_layouts_column_icons_position_left sc_fly_static\" data-id=\"cfe325e\" data-element_type=\"column\">\n\t\t\t<div class=\"elementor-widget-wrap elementor-element-populated\">\n\t\t\t\t\t\t<div class=\"elementor-element elementor-element-5a2bf65 sc_height_large sc_fly_static elementor-widget elementor-widget-spacer\" data-id=\"5a2bf65\" data-element_type=\"widget\" data-widget_type=\"spacer.default\">\n\t\t\t\t<div class=\"elementor-widget-container\">\n\t\t\t\t\t\t\t<div class=\"elementor-spacer\">\n\t\t\t<div class=\"elementor-spacer-inner\"><\/div>\n\t\t<\/div>\n\t\t\t\t\t\t<\/div>\n\t\t\t\t<\/div>\n\t\t\t\t<div class=\"elementor-element elementor-element-53ac9d7 sc_fly_static elementor-widget elementor-widget-spacer\" data-id=\"53ac9d7\" data-element_type=\"widget\" data-widget_type=\"spacer.default\">\n\t\t\t\t<div class=\"elementor-widget-container\">\n\t\t\t\t\t\t\t<div class=\"elementor-spacer\">\n\t\t\t<div class=\"elementor-spacer-inner\"><\/div>\n\t\t<\/div>\n\t\t\t\t\t\t<\/div>\n\t\t\t\t<\/div>\n\t\t\t\t\t<\/div>\n\t\t<\/div>\n\t\t\t\t\t<\/div>\n\t\t<\/section>\n\t\t\t\t<section class=\"elementor-section elementor-top-section elementor-element elementor-element-45ce0ec elementor-section-boxed elementor-section-height-default elementor-section-height-default sc_fly_static\" data-id=\"45ce0ec\" data-element_type=\"section\">\n\t\t\t\t\t\t<div class=\"elementor-container elementor-column-gap-extended\">\n\t\t\t\t\t<div class=\"elementor-column elementor-col-100 elementor-top-column elementor-element elementor-element-72865bc sc_content_align_inherit sc_layouts_column_icons_position_left sc_fly_static\" data-id=\"72865bc\" data-element_type=\"column\">\n\t\t\t<div class=\"elementor-widget-wrap elementor-element-populated\">\n\t\t\t\t\t\t<div class=\"elementor-element elementor-element-fa507bc sc_fly_static elementor-widget elementor-widget-text-editor\" data-id=\"fa507bc\" data-element_type=\"widget\" data-widget_type=\"text-editor.default\">\n\t\t\t\t<div class=\"elementor-widget-container\">\n\t\t\t\t\t\t\t\t\t<p><strong>OPA\u015e OTOMOT\u0130V PLAT\u0130NLER\u0130 SANAY\u0130 VE T\u0130CARET ANON\u0130M \u015e\u0130RKET\u0130<\/strong><\/p><p><strong>\u00c7al\u0131\u015fan Adaylar\u0131 Ki\u015fisel Verilerin Korunmas\u0131 ve \u0130\u015flenmesi Hakk\u0131nda Ayd\u0131nlatma Metni<\/strong><\/p><p><strong>\u00a0<\/strong><\/p><p>OPA\u015e OTOMOT\u0130V PLAT\u0130NLER\u0130 SANAY\u0130 VE T\u0130CARET ANON\u0130M \u015e\u0130RKET\u0130 olarak ki\u015fisel verilerinizin i\u015flenmesinde ve muhafaza edilmesinde 6698 say\u0131l\u0131 \u201cKi\u015fisel Verilerin Korunmas\u0131 Kanununa (KVKK) uygun davran\u0131lmas\u0131na azami hassasiyet g\u00f6stermekteyiz. Bu nedenle ilgili Kanunun 10. maddesinin gere\u011fi olmak \u00fczere ki\u015fisel verilerinizi a\u015fa\u011f\u0131da a\u00e7\u0131kland\u0131\u011f\u0131 \u015fekilde ve mevzuat\u0131n \u00e7izdi\u011fi s\u0131n\u0131rlar \u00e7er\u00e7evesinde i\u015flemekte oldu\u011fumuzu bilgilerinize sunar\u0131z.<\/p><p>\u00a0<\/p><ol><li><strong> Veri Sorumlusu <\/strong><\/li><\/ol><p>KVKK uyar\u0131nca, ki\u015fisel verileriniz; veri sorumlusu OPA\u015e OTOMOT\u0130V PLAT\u0130NLER\u0130 SANAY\u0130 VE T\u0130CARET ANON\u0130M \u015e\u0130RKET\u0130 olarak taraf\u0131ndan a\u015fa\u011f\u0131da a\u00e7\u0131klanan kapsam ve s\u0131n\u0131rlarda da i\u015flenebilecektir.<\/p><p><strong>\u00a0<\/strong><\/p><ol start=\"2\"><li><strong>Ki\u015fisel Verilerin Hangi Ama\u00e7la \u0130\u015flenece\u011fi<\/strong><\/li><\/ol><p>Ki\u015fisel verilerin i\u015flenme \u015fartlar\u0131 ba\u015fl\u0131\u011f\u0131n\u0131 ta\u015f\u0131yan KVKK md.5\u2019e g\u00f6re, kural olarak ki\u015fisel veriler ilgili ki\u015finin a\u00e7\u0131k r\u0131zas\u0131 olmaks\u0131z\u0131n i\u015flenemez.\u00a0 Ancak a\u015fa\u011f\u0131daki \u015fartlardan birinin varl\u0131\u011f\u0131 h\u00e2linde, ilgili ki\u015finin a\u00e7\u0131k r\u0131zas\u0131 aranmaks\u0131z\u0131n ki\u015fisel verilerinin i\u015flenmesi m\u00fcmk\u00fcnd\u00fcr:<\/p><ul><li>Kanunlarda a\u00e7\u0131k\u00e7a \u00f6ng\u00f6r\u00fclmesi.<\/li><li>Fiili imk\u00e2ns\u0131zl\u0131k nedeniyle r\u0131zas\u0131n\u0131 a\u00e7\u0131klayamayacak durumda bulunan veya r\u0131zas\u0131na hukuki ge\u00e7erlilik tan\u0131nmayan ki\u015finin kendisinin ya da bir ba\u015fkas\u0131n\u0131n hayat\u0131 veya beden b\u00fct\u00fcnl\u00fc\u011f\u00fcn\u00fcn korunmas\u0131 i\u00e7in zorunlu olmas\u0131.<\/li><li>Bir s\u00f6zle\u015fmenin kurulmas\u0131 veya ifas\u0131yla do\u011frudan do\u011fruya ilgili olmas\u0131 kayd\u0131yla, s\u00f6zle\u015fmenin taraflar\u0131na ait ki\u015fisel verilerin i\u015flenmesinin gerekli olmas\u0131.<\/li><li>Veri sorumlusunun hukuki y\u00fck\u00fcml\u00fcl\u00fc\u011f\u00fcn\u00fc yerine getirebilmesi i\u00e7in zorunlu olmas\u0131.<\/li><li>\u0130lgili ki\u015finin kendisi taraf\u0131ndan alenile\u015ftirilmi\u015f olmas\u0131.<\/li><li>Bir hakk\u0131n tesisi, kullan\u0131lmas\u0131 veya korunmas\u0131 i\u00e7in veri i\u015flemenin zorunlu olmas\u0131.<\/li><li>\u0130lgili ki\u015finin temel hak ve \u00f6zg\u00fcrl\u00fcklerine zarar vermemek kayd\u0131yla, veri sorumlusunun me\u015fru menfaatleri i\u00e7in veri i\u015flenmesinin zorunlu olmas\u0131.<\/li><\/ul><p>\u00a0<\/p><p>\u00d6zel nitelikli ki\u015fisel verilerin i\u015flenme \u015fartlar\u0131 ba\u015fl\u0131\u011f\u0131n\u0131 ta\u015f\u0131yan KVKK m.6\u2019ya g\u00f6re, ki\u015filerin \u0131rk\u0131, etnik k\u00f6keni, siyasi d\u00fc\u015f\u00fcncesi, felsefi inanc\u0131, dini, mezhebi veya di\u011fer inan\u00e7lar\u0131, k\u0131l\u0131k ve k\u0131yafeti, dernek, vak\u0131f ya da sendika \u00fcyeli\u011fi, sa\u011fl\u0131\u011f\u0131, cinsel hayat\u0131, ceza mahk\u00fbmiyeti ve g\u00fcvenlik tedbirleriyle ilgili verileri ile biyometrik ve genetik verileri \u00f6zel nitelikli ki\u015fisel veridir. Kural olarak \u00f6zel nitelikli ki\u015fisel verilerin, ilgilinin a\u00e7\u0131k r\u0131zas\u0131 olmaks\u0131z\u0131n i\u015flenmesi yasakt\u0131r. Ancak, yukar\u0131da belirtilen sa\u011fl\u0131k ve cinsel hayat d\u0131\u015f\u0131ndaki \u00f6zel nitelikli ki\u015fisel veriler de kanunlarda \u00f6ng\u00f6r\u00fclen h\u00e2llerde ilgili ki\u015finin a\u00e7\u0131k r\u0131zas\u0131 aranmaks\u0131z\u0131n i\u015flenebilir. Siz \u00e7al\u0131\u015fanlar\u0131m\u0131zdan al\u0131nan sa\u011fl\u0131k verileri ile adli sicil kayd\u0131 bilgileri yukar\u0131da a\u00e7\u0131klanan kapsamda \u201c\u00f6zel nitelikli ki\u015fisel veri\u201d kategorisinde kalmaktad\u0131r.\u00a0<\/p><p>Ki\u015fisel verileriniz Site Y\u00f6netimimiz taraf\u0131ndan yukar\u0131da belirtilen KVKK\u2019n\u0131n 5. ve 6. maddelerinde belirtilen ki\u015fisel veri i\u015fleme \u015fartlar\u0131 dahilinde ve a\u015fa\u011f\u0131da s\u0131ralanan ama\u00e7larla i\u015flenebilecektir:<\/p><p>Ki\u015fisel verileriniz;<\/p><ul><li>\u0130\u015f s\u00f6zle\u015fmesinin kurulmas\u0131n\u0131 sa\u011flamaya d\u00f6n\u00fck haz\u0131rl\u0131k yapmak,<\/li><\/ul><ul><li>\u00c7al\u0131\u015fan aday\u0131n\u0131n do\u011fru pozisyonlarda istihdam\u0131n\u0131 sa\u011flamak,<\/li><\/ul><ul><li>\u00d6zge\u00e7mi\u015flerde al\u0131nan bilgilerin i\u015fveren taraf\u0131ndan daha do\u011fru \u015fekilde muhakeme edilebilmesini temin etmek,<\/li><li>\u00c7al\u0131\u015fan aday\u0131n\u0131n \u00f6zel durumunun gerektirmesi halinde, \u00e7al\u0131\u015fan, i\u015f veren ve i\u015fyeri yarar\u0131na gerekli g\u00fcvenli\u011fin sa\u011flanabilmesi i\u00e7in l\u00fczumlu \u00f6nlemleri alabilmek,<\/li><li>\u0130\u015f sa\u011fl\u0131\u011f\u0131 ve g\u00fcvenli\u011fi a\u00e7\u0131s\u0131ndan meydana gelebilecek her t\u00fcrl\u00fc olumsuzlu\u011fa kar\u015f\u0131 \u00e7al\u0131\u015fan aday\u0131n\u0131 yeterince\/i\u015fin gerektirdi\u011fi \u00f6l\u00e7\u00fcde tan\u0131yarak \u00f6nceden tedbir alabilmek,<\/li><\/ul><p>\u00a0<\/p><ol start=\"3\"><li><strong> \u0130\u015flenen Ki\u015fisel Verilerin Kimlere ve Hangi Ama\u00e7la Aktar\u0131labilece\u011fi<\/strong><\/li><\/ol><p>Ki\u015fisel verilerin aktar\u0131lmas\u0131 ba\u015fl\u0131\u011f\u0131n\u0131 ta\u015f\u0131yan KVKK m.8\u2019e g\u00f6re, ki\u015fisel veriler, ilgili ki\u015finin a\u00e7\u0131k r\u0131zas\u0131 olmaks\u0131z\u0131n aktar\u0131lamaz.<\/p><p>Ki\u015fisel veriler; ki\u015fisel veri sahibinin a\u00e7\u0131k r\u0131zas\u0131 aranmaks\u0131z\u0131n i\u015flenebildi\u011fi hallerde a\u00e7\u0131k r\u0131za aranmaks\u0131z\u0131n \u00fc\u00e7\u00fcnc\u00fc ki\u015filere de aktar\u0131labilir. Ayn\u0131 \u015fekilde yeterli \u00f6nlemler al\u0131nmak kayd\u0131yla, sa\u011fl\u0131k ve cinsel hayat d\u0131\u015f\u0131ndaki \u00f6zel nitelikli ki\u015fisel veriler de, kanunlarda \u00f6ng\u00f6r\u00fclen h\u00e2llerde ilgili ki\u015finin a\u00e7\u0131k r\u0131zas\u0131 aranmaks\u0131z\u0131n aktar\u0131labilir. Sa\u011fl\u0131k ve cinsel hayata ili\u015fkin ki\u015fisel veriler ise ancak kamu sa\u011fl\u0131\u011f\u0131n\u0131n korunmas\u0131, koruyucu hekimlik, t\u0131bb\u00ee te\u015fhis, tedavi ve bak\u0131m hizmetlerinin y\u00fcr\u00fct\u00fclmesi, sa\u011fl\u0131k hizmetleri ile finansman\u0131n\u0131n planlanmas\u0131 ve y\u00f6netimi amac\u0131yla, s\u0131r saklama y\u00fck\u00fcml\u00fcl\u00fc\u011f\u00fc alt\u0131nda bulunan ki\u015filer veya yetkili kurum ve kurulu\u015flar taraf\u0131ndan ilgilinin a\u00e7\u0131k r\u0131zas\u0131 aranmaks\u0131z\u0131n aktar\u0131labilir.<\/p><p>Ki\u015fisel verilerin aktar\u0131lmas\u0131na ili\u015fkin di\u011fer kanunlarda yer alan h\u00fck\u00fcmler sakl\u0131d\u0131r.<\/p><p>Ki\u015fisel verilerin yurt d\u0131\u015f\u0131na aktar\u0131lmas\u0131 ba\u015fl\u0131\u011f\u0131n\u0131 ta\u015f\u0131yan KVKK\u2019n\u0131n m.9\u2019a g\u00f6re,\u00a0ki\u015fisel veriler, kural olarak ilgili ki\u015finin a\u00e7\u0131k r\u0131zas\u0131 olmaks\u0131z\u0131n yurt d\u0131\u015f\u0131na aktar\u0131lamaz. Ancak ki\u015fisel veriler, ki\u015fisel verilerin a\u00e7\u0131k r\u0131zas\u0131 aranmaks\u0131z\u0131n i\u015flenebildi\u011fi hallerde \u00fc\u00e7\u00fcnc\u00fc ki\u015filere de aktar\u0131labilir. Ayn\u0131 \u015fekilde yeterli \u00f6nlemler al\u0131nmak kayd\u0131yla, sa\u011fl\u0131k ve cinsel hayat d\u0131\u015f\u0131ndaki \u00f6zel nitelikli ki\u015fisel veriler, kanunlarda \u00f6ng\u00f6r\u00fclen h\u00e2llerde ilgili ki\u015finin a\u00e7\u0131k r\u0131zas\u0131 aranmaks\u0131z\u0131n yurt d\u0131\u015f\u0131na aktar\u0131labilir. Sa\u011fl\u0131k ve cinsel hayata ili\u015fkin ki\u015fisel veriler ise ancak kamu sa\u011fl\u0131\u011f\u0131n\u0131n korunmas\u0131, koruyucu hekimlik, t\u0131bb\u00ee te\u015fhis, tedavi ve bak\u0131m hizmetlerinin y\u00fcr\u00fct\u00fclmesi, sa\u011fl\u0131k hizmetleri ile finansman\u0131n\u0131n planlanmas\u0131 ve y\u00f6netimi amac\u0131yla, s\u0131r saklama y\u00fck\u00fcml\u00fcl\u00fc\u011f\u00fc alt\u0131nda bulunan ki\u015filer veya yetkili kurum ve kurulu\u015flar taraf\u0131ndan ilgilinin a\u00e7\u0131k r\u0131zas\u0131 aranmaks\u0131z\u0131n yurt d\u0131\u015f\u0131na aktar\u0131labilir. \u00d6zel nitelikli ki\u015fisel verilerin yurt d\u0131\u015f\u0131na aktar\u0131labilmesi i\u00e7in ayr\u0131ca<\/p><ul><li>Yeterli koruman\u0131n bulunmas\u0131,<\/li><li>Yeterli koruman\u0131n bulunmamas\u0131 durumunda T\u00fcrkiye\u2019deki ve ilgili yabanc\u0131 \u00fclkedeki veri sorumlular\u0131n\u0131n yeterli bir korumay\u0131 yaz\u0131l\u0131 olarak taahh\u00fct etmeleri ve Kurulun izninin bulunmas\u0131, kayd\u0131yla ilgili ki\u015finin a\u00e7\u0131k r\u0131zas\u0131 aranmaks\u0131z\u0131n yurt d\u0131\u015f\u0131na aktar\u0131labilir.<\/li><\/ul><p>Yeterli koruman\u0131n bulundu\u011fu \u00fclkeler Kurulca belirlenerek ilan edilir.<\/p><p>Ki\u015fisel verilerin yurt d\u0131\u015f\u0131na aktar\u0131lmas\u0131na ili\u015fkin di\u011fer kanunlarda yer alan h\u00fck\u00fcmler sakl\u0131d\u0131r.<\/p><p>Yukar\u0131da belirtilen d\u00fczenlemelere uygun olarak i\u015flenen\u00a0ki\u015fisel verileriniz, a\u00e7\u0131k r\u0131zan\u0131z olmas\u0131 halinde istihdam sa\u011flayan ba\u015fka kurum veya kurulu\u015flara ve yetkili kamu kurum veya kurulu\u015flar taraf\u0131ndan yasal gereklilik sebebiyle talep edilmesi halinde bu kurum ve kurulu\u015flara KVKK\u2019n\u0131n 8. ve 9. maddelerinde belirtilen ki\u015fisel veri i\u015fleme \u015fartlar\u0131 ve ama\u00e7lar\u0131 ile s\u0131n\u0131rl\u0131 olarak aktar\u0131labilecektir.<\/p><p><strong>\u00a0<\/strong><\/p><ol start=\"4\"><li><strong> Ki\u015fisel Veri \u0130\u015flemenin Y\u00f6ntemi ve Hukuki Sebebi<\/strong><\/li><\/ol><p>Siz \u00e7al\u0131\u015fan adaylar\u0131m\u0131za ait ki\u015fisel verilerin temini ve saklanmas\u0131, istihdam sa\u011flama amac\u0131na d\u00f6n\u00fck oldu\u011fundan, KVKK md.5\/2-c\u2019de ifadesini bulan \u201cbir s\u00f6zle\u015fmenin kurulmas\u0131 veya ifas\u0131yla do\u011frudan do\u011fruya ilgili olmas\u0131 kayd\u0131yla, s\u00f6zle\u015fmenin taraflar\u0131na ait ki\u015fisel verilerin i\u015flenmesinin gerekli olmas\u0131\u201d hukuksal nedenine dayanmaktad\u0131r..<\/p><p>Toplanan ki\u015fisel verileriniz <strong>OPA\u015e OTOMOT\u0130V PLAT\u0130NLER\u0130 SANAY\u0130 VE T\u0130CARET ANON\u0130M \u015e\u0130RKET\u0130<\/strong> insan kaynaklar\u0131 politikalar\u0131 \u00e7er\u00e7evesinde ve istihdam amac\u0131 do\u011frultusundaki faaliyet ve operasyonlar\u0131m\u0131z\u0131 y\u00fcr\u00fctmek amac\u0131yla bas\u0131l\u0131 evrak ve l\u00fczumu halinde elektronik ortamda toplanmaktad\u0131r.<\/p><p>\u00a0<\/p><ol start=\"5\"><li><strong> Ki\u015fisel Veri Sahibinin KVKK\u2019n\u0131n 11. Maddesinde Say\u0131lan Haklar\u0131<\/strong><\/li><\/ol><p>Ki\u015fisel veri sahibi olarak, haklar\u0131n\u0131za ili\u015fkin taleplerinizi a\u015fa\u011f\u0131da d\u00fczenlenen y\u00f6ntemlerle \u015eirketimize iletmeniz durumunda \u015eirketimiz talebin niteli\u011fine g\u00f6re talebi KVKK\u2019n\u0131n 13. maddesinin 2. f\u0131kras\u0131 uyar\u0131nca en k\u0131sa s\u00fcrede ve en ge\u00e7 otuz g\u00fcn i\u00e7inde \u00fccretsiz olarak sonu\u00e7land\u0131racakt\u0131r. Ancak, i\u015flemin ayr\u0131ca bir maliyeti gerektirmesi halinde, \u015eirketimiz taraf\u0131ndan Ki\u015fisel Verileri Koruma Kurulunca belirlenen tarifedeki \u00fccret al\u0131nabilecektir.<\/p><p>Bu kapsamda ki\u015fisel veri sahipleri;<\/p><ul><li>Ki\u015fisel veri i\u015flenip i\u015flenmedi\u011fini \u00f6\u011frenme,<\/li><li>Ki\u015fisel verileri i\u015flenmi\u015fse buna ili\u015fkin bilgi talep etme,<\/li><li>Ki\u015fisel verilerin i\u015flenme amac\u0131n\u0131 ve bunlar\u0131n amac\u0131na uygun kullan\u0131l\u0131p kullan\u0131lmad\u0131\u011f\u0131n\u0131 \u00f6\u011frenme,<\/li><li>Yurt i\u00e7inde veya yurt d\u0131\u015f\u0131nda ki\u015fisel verilerin aktar\u0131ld\u0131\u011f\u0131 \u00fc\u00e7\u00fcnc\u00fc ki\u015fileri bilme,<\/li><li>Ki\u015fisel verilerin eksik veya yanl\u0131\u015f i\u015flenmi\u015f olmas\u0131 h\u00e2linde bunlar\u0131n d\u00fczeltilmesini isteme ve bu kapsamda yap\u0131lan i\u015flemin ki\u015fisel verilerin aktar\u0131ld\u0131\u011f\u0131 \u00fc\u00e7\u00fcnc\u00fc ki\u015filere bildirilmesini isteme,<\/li><li>KVKK\u2019n\u0131n ve ilgili di\u011fer kanun h\u00fck\u00fcmlerine uygun olarak i\u015flenmi\u015f olmas\u0131na ra\u011fmen, i\u015flenmesini gerektiren sebeplerin ortadan kalkmas\u0131 halinde ki\u015fisel verilerin silinmesini veya yok edilmesini isteme ve bu kapsamda yap\u0131lan i\u015flemin ki\u015fisel verilerin aktar\u0131ld\u0131\u011f\u0131 \u00fc\u00e7\u00fcnc\u00fc ki\u015filere bildirilmesini isteme,<\/li><li>\u0130\u015flenen verilerin m\u00fcnhas\u0131ran otomatik sistemler vas\u0131tas\u0131yla analiz edilmesi suretiyle ki\u015finin kendisi aleyhine bir sonucun ortaya \u00e7\u0131kmas\u0131na itiraz etme,<\/li><li>Ki\u015fisel verilerin kanuna ayk\u0131r\u0131 olarak i\u015flenmesi sebebiyle zarara u\u011framas\u0131 halinde zarar\u0131n giderilmesini talep etme haklar\u0131na sahiptir.<\/li><\/ul><p>KVKK\u2019n\u0131n 13. maddesinin 1. f\u0131kras\u0131 gere\u011fince, yukar\u0131da belirtilen haklar\u0131n\u0131z\u0131 kullanmak ile ilgili talebinizi, yaz\u0131l\u0131 olarak \u015eirketimize iletebilirsiniz. Bu \u00e7er\u00e7evede \u015eirketimize KVKK\u2019n\u0131n 11. maddesi kapsam\u0131nda yapaca\u011f\u0131n\u0131z ba\u015fvurularda yaz\u0131l\u0131 olarak ba\u015fvurunuzu iletece\u011finiz kanallar ve usuller a\u015fa\u011f\u0131da a\u00e7\u0131klanmaktad\u0131r:<\/p><p>Yukar\u0131da belirtilen haklar\u0131n\u0131z\u0131 kullanmak i\u00e7in\u00a0kimli\u011finizi tespit edici gerekli bilgiler\u00a0ile KVKK\u2019n\u0131n 11. maddesinde belirtilen haklardan kullanmay\u0131 talep etti\u011finiz hakk\u0131n\u0131za y\u00f6nelik a\u00e7\u0131klamalar\u0131n\u0131z\u0131 i\u00e7eren <strong><u>https:\/\/opasauto.com\/<\/u><\/strong> adresinde bulunan ba\u015fvuru formunu kullanarak, kimli\u011finizi tespit edici belgeler ile <strong><u>MEHMET NES\u0130H \u00d6ZMEN MAHALLES\u0130 KASIM SOKAK NO: 14\/ G\u00dcNG\u00d6REN \u0130STANBUL<\/u><\/strong> adresine bizzat elden iletebilir, ayn\u0131 adrese\u00a0 noter kanal\u0131yla g\u00f6nderebilir veya 6698 say\u0131l\u0131 Kanun\u2019da belirtilen di\u011fer y\u00f6ntemler ile g\u00f6nderebilirsiniz.<\/p><p>\u00a0<\/p><table><tbody><tr><td width=\"318\"><p><strong>VER\u0130 SORUMLUSU<\/strong><\/p><\/td><td width=\"318\"><p><strong>\u00c7ALI\u015eAN ADAYI<\/strong><\/p><\/td><\/tr><tr><td width=\"318\"><p><strong>YETK\u0130L\u0130S\u0130 AD SOYAD<\/strong><\/p><\/td><td width=\"318\"><p><strong>AD SOYAD<\/strong><\/p><\/td><\/tr><tr><td width=\"318\"><p><strong>\u00a0<\/strong><\/p><p><strong>\u00a0<\/strong><\/p><p><strong>\u0130MZA:<\/strong><\/p><p><strong>\u00a0<\/strong><\/p><p><strong>\u00a0<\/strong><\/p><p><strong>\u00a0<\/strong><\/p><p><strong>\u00a0<\/strong><\/p><\/td><td width=\"318\"><p><strong>\u00a0<\/strong><\/p><p><strong>\u00a0<\/strong><\/p><p><strong>\u0130MZA:<\/strong><\/p><\/td><\/tr><\/tbody><\/table><p>\u00a0<\/p>\t\t\t\t\t\t\t\t<\/div>\n\t\t\t\t<\/div>\n\t\t\t\t\t<\/div>\n\t\t<\/div>\n\t\t\t\t\t<\/div>\n\t\t<\/section>\n\t\t\t\t<\/div>","protected":false},"excerpt":{"rendered":"<p>OPA\u015e OTOMOT\u0130V PLAT\u0130NLER\u0130 SANAY\u0130 VE T\u0130CARET ANON\u0130M \u015e\u0130RKET\u0130 \u00c7al\u0131\u015fan Adaylar\u0131 Ki\u015fisel Verilerin Korunmas\u0131 ve \u0130\u015flenmesi Hakk\u0131nda Ayd\u0131nlatma Metni \u00a0 OPA\u015e OTOMOT\u0130V PLAT\u0130NLER\u0130 SANAY\u0130 VE T\u0130CARET ANON\u0130M \u015e\u0130RKET\u0130 olarak ki\u015fisel verilerinizin&hellip;<\/p>","protected":false},"author":1,"featured_media":0,"parent":0,"menu_order":0,"comment_status":"closed","ping_status":"closed","template":"","meta":{"footnotes":""},"class_list":["post-3457","page","type-page","status-publish","hentry"],"_links":{"self":[{"href":"https:\/\/opasauto.com\/en\/wp-json\/wp\/v2\/pages\/3457","targetHints":{"allow":["GET"]}}],"collection":[{"href":"https:\/\/opasauto.com\/en\/wp-json\/wp\/v2\/pages"}],"about":[{"href":"https:\/\/opasauto.com\/en\/wp-json\/wp\/v2\/types\/page"}],"author":[{"embeddable":true,"href":"https:\/\/opasauto.com\/en\/wp-json\/wp\/v2\/users\/1"}],"replies":[{"embeddable":true,"href":"https:\/\/opasauto.com\/en\/wp-json\/wp\/v2\/comments?post=3457"}],"version-history":[{"count":7,"href":"https:\/\/opasauto.com\/en\/wp-json\/wp\/v2\/pages\/3457\/revisions"}],"predecessor-version":[{"id":3473,"href":"https:\/\/opasauto.com\/en\/wp-json\/wp\/v2\/pages\/3457\/revisions\/3473"}],"wp:attachment":[{"href":"https:\/\/opasauto.com\/en\/wp-json\/wp\/v2\/media?parent=3457"}],"curies":[{"name":"wp","href":"https:\/\/api.w.org\/{rel}","templated":true}]}}